{"id":21,"date":"2010-09-05T15:16:53","date_gmt":"2010-09-05T13:16:53","guid":{"rendered":"http:\/\/www.rummelhagen.de\/?page_id=21"},"modified":"2010-09-07T09:56:24","modified_gmt":"2010-09-07T07:56:24","slug":"presseartikel","status":"publish","type":"page","link":"https:\/\/www.rummelhagen.de\/?page_id=21","title":{"rendered":"Presseartikel"},"content":{"rendered":"<p><strong>Neuer\u00f6ffnung am Frankendamm<\/strong><\/p>\n<p>Stralsund. Morgen er\u00f6ffnet im Frankendamm 45 die  Orthop\u00e4die-Schuhtechnik Rummelhagen. Der Inhaber Andr\u00e9 Rummelhagen ist  gelernter Orthop\u00e4die-Schuhmachermeister, seine Mitarbeiterin Susann  K\u00fcrschner ist Fachverk\u00e4uferin f\u00fcr Sanit\u00e4tsartikel. Beide sind geb\u00fcrtige  Stralsunder, arbeiteten jedoch viele Jahre ausw\u00e4rts. Dort trafen sie  sich zuf\u00e4llig und arbeiteten lange im Bereich Orthop\u00e4dische Schuhtechnik  zusammen. Das junge und sympathische Team ber\u00e4t fachlich sehr  kompetent, freundlich, geduldig, erkl\u00e4rt alles gr\u00fcndlich und beantwortet  jede Frage&#8230; <a href=\"https:\/\/www.rummelhagen.de\/?page_id=32\">weiterlesen<\/a><\/p>\n<p><strong>Wenn normale Schuhe nicht passen<\/strong><\/p>\n<p>Stralsund. In einem Schuh passen keine Einlagen, ein anderer verursacht durch Innenn\u00e4hte Reibungen an den F\u00fc\u00dfen &#8211; mit &#8222;normalen&#8220; Schuhen, wei\u00df der Stralsunder Orthop\u00e4die-Schuhmachmeister Andr\u00e9 Rummelhagen, haben viele Menschen Probleme. Frauen und M\u00e4nner etwa, die Senk- und Spreizf\u00fc\u00dfe haben, die unter Diabetes leiden, die Rheuma haben&#8230; <a href=\"https:\/\/www.rummelhagen.de\/?page_id=27\">weiterlesen<\/a><\/p>\n","protected":false},"excerpt":{"rendered":"<p>Neuer\u00f6ffnung am Frankendamm Stralsund. Morgen er\u00f6ffnet im Frankendamm 45 die Orthop\u00e4die-Schuhtechnik Rummelhagen. Der Inhaber Andr\u00e9 Rummelhagen ist gelernter Orthop\u00e4die-Schuhmachermeister, seine Mitarbeiterin Susann K\u00fcrschner ist Fachverk\u00e4uferin f\u00fcr Sanit\u00e4tsartikel. Beide sind geb\u00fcrtige Stralsunder, arbeiteten jedoch viele Jahre ausw\u00e4rts. Dort trafen sie sich &hellip; <a href=\"https:\/\/www.rummelhagen.de\/?page_id=21\">Weiterlesen <span class=\"meta-nav\">&rarr;<\/span><\/a><\/p>\n","protected":false},"author":1,"featured_media":0,"parent":0,"menu_order":14,"comment_status":"closed","ping_status":"open","template":"","meta":[],"_links":{"self":[{"href":"https:\/\/www.rummelhagen.de\/index.php?rest_route=\/wp\/v2\/pages\/21"}],"collection":[{"href":"https:\/\/www.rummelhagen.de\/index.php?rest_route=\/wp\/v2\/pages"}],"about":[{"href":"https:\/\/www.rummelhagen.de\/index.php?rest_route=\/wp\/v2\/types\/page"}],"author":[{"embeddable":true,"href":"https:\/\/www.rummelhagen.de\/index.php?rest_route=\/wp\/v2\/users\/1"}],"replies":[{"embeddable":true,"href":"https:\/\/www.rummelhagen.de\/index.php?rest_route=%2Fwp%2Fv2%2Fcomments&post=21"}],"version-history":[{"count":12,"href":"https:\/\/www.rummelhagen.de\/index.php?rest_route=\/wp\/v2\/pages\/21\/revisions"}],"predecessor-version":[{"id":24,"href":"https:\/\/www.rummelhagen.de\/index.php?rest_route=\/wp\/v2\/pages\/21\/revisions\/24"}],"wp:attachment":[{"href":"https:\/\/www.rummelhagen.de\/index.php?rest_route=%2Fwp%2Fv2%2Fmedia&parent=21"}],"curies":[{"name":"wp","href":"https:\/\/api.w.org\/{rel}","templated":true}]}}