{"id":27,"date":"2010-09-05T15:31:45","date_gmt":"2010-09-05T13:31:45","guid":{"rendered":"http:\/\/www.rummelhagen.de\/?page_id=27"},"modified":"2010-09-05T19:27:21","modified_gmt":"2010-09-05T17:27:21","slug":"test","status":"publish","type":"page","link":"https:\/\/www.rummelhagen.de\/?page_id=27","title":{"rendered":"Wenn normale Schuhe nicht passen"},"content":{"rendered":"<p>Stralsund. In einem Schuh passen keine Einlagen, ein anderer  verursacht durch Innenn\u00e4hte Reibungen an den F\u00fc\u00dfen &#8211; mit &#8222;normalen&#8220;  Schuhen, wei\u00df der Stralsunder Orthop\u00e4die-Schuhmachmeister Andr\u00e9  Rummelhagen, haben viele Menschen Probleme. Frauen und M\u00e4nner etwa, die  Senk- und Spreizf\u00fc\u00dfe haben, die unter Diabetes leiden, die Rheuma haben.  Er zeigt auf eine Regalreihe in seinem Gesch\u00e4ft\u00a0  &#8222;Orthop\u00e4die-Schuhtechnik Rummelhagen&#8220;: Bequemschuhe stehen drin,  Markenschuhe der renommierten Hersteller &#8222;Finn Comfort&#8220;, &#8222;Ganter&#8220; und  &#8222;Waldl\u00e4ufer&#8220;. &#8222;Das sind Schuhe&#8220;, erkl\u00e4rt Andr\u00e9 Rummelhagen, &#8222;die viel  Platz bieten. Sie sind immer einlagenf\u00e4hig und besonders leicht.&#8220; Denn  das Problem ist: Trendige Schuhe sind zwar schick &#8211; aber oft zu eng. Und  wird die vom Arzt verschriebene Einlage eingelegt, passen oft die F\u00fc\u00dfe  nicht mehr rein.<\/p>\n<p>Andr\u00e9 Rummelhagen hebt die Zusammenarbeit mit den Herstellerfirmen  hervor: &#8222;Auch Einzelbestellungen sind m\u00f6glich.&#8220; Sehr schnell seien die  Lieferungen da. &#8222;Wichtig ist uns auch, dass die Hersteller ein sehr  hohes Qualit\u00e4tsniveau haben.&#8220; Qualit\u00e4t, die bezahlbar ist. &#8222;Waldl\u00e4ufer  zum Beispiel hat ein sehr gutes Preis-Leistungs-Verh\u00e4ltnis. Da bekommt  man einen richtig guten Schuh f\u00fcr unter hundert Euro.&#8220;<\/p>\n<p>In einem anderen Bereich des gro\u00dfen Gesch\u00e4ftes am Frankendamm 45 sind  Schuhe ausgestellt, die zwar an Sportschuhe erinnern, aber deren Sohle  so gebogen ist wie ein Schaukelstuhl. Genannt werden diese  &#8222;physiodynamisches Schuhwerk&#8220; &#8211; oder einfach Aktivschuhe. Der Hersteller  Ryn kommt aus Korea. Andr\u00e9 Rummelhagen, der wie seine Mitarbeiterin  Susann K\u00fcrschner ebenfalls Ryn-Schuhe tr\u00e4gt, sieht diese als  preisg\u00fcnstige und dennoch qualitative Alternative zu teuren Herstellern.<\/p>\n<p>Durch die runde Laufsohle sind die Tr\u00e4ger der Schuhe gezwungen, durch  winzige Muskelbewegungen den K\u00f6rper aufrecht und in der Balance zu  halten. Der Effekt: Der K\u00f6rper richtet sich automatisch auf; die  Wirbels\u00e4ule bekommt wieder eine &#8222;normale Haltung&#8220;. Menschen mit  Sprunggelenk-, Knie, H\u00fcft- oder leichten R\u00fcckenproblemen k\u00f6nnen beim  Tragen oft eine Verbesserung der Beschwerden versp\u00fcren. Doch nicht f\u00fcr  jeden, wei\u00df Andr\u00e9 Rummelhagen, sind aus medizinischer Sicht Aktivschuhe  geeignet. &#8222;Wenn sich jemand daf\u00fcr interessiert, machen wir eine  intensive Beratung.&#8220; D. B.<\/p>\n","protected":false},"excerpt":{"rendered":"<p>Stralsund. In einem Schuh passen keine Einlagen, ein anderer verursacht durch Innenn\u00e4hte Reibungen an den F\u00fc\u00dfen &#8211; mit &#8222;normalen&#8220; Schuhen, wei\u00df der Stralsunder Orthop\u00e4die-Schuhmachmeister Andr\u00e9 Rummelhagen, haben viele Menschen Probleme. Frauen und M\u00e4nner etwa, die Senk- und Spreizf\u00fc\u00dfe haben, die &hellip; <a href=\"https:\/\/www.rummelhagen.de\/?page_id=27\">Weiterlesen <span class=\"meta-nav\">&rarr;<\/span><\/a><\/p>\n","protected":false},"author":1,"featured_media":0,"parent":21,"menu_order":2,"comment_status":"closed","ping_status":"open","template":"","meta":[],"_links":{"self":[{"href":"https:\/\/www.rummelhagen.de\/index.php?rest_route=\/wp\/v2\/pages\/27"}],"collection":[{"href":"https:\/\/www.rummelhagen.de\/index.php?rest_route=\/wp\/v2\/pages"}],"about":[{"href":"https:\/\/www.rummelhagen.de\/index.php?rest_route=\/wp\/v2\/types\/page"}],"author":[{"embeddable":true,"href":"https:\/\/www.rummelhagen.de\/index.php?rest_route=\/wp\/v2\/users\/1"}],"replies":[{"embeddable":true,"href":"https:\/\/www.rummelhagen.de\/index.php?rest_route=%2Fwp%2Fv2%2Fcomments&post=27"}],"version-history":[{"count":7,"href":"https:\/\/www.rummelhagen.de\/index.php?rest_route=\/wp\/v2\/pages\/27\/revisions"}],"predecessor-version":[{"id":29,"href":"https:\/\/www.rummelhagen.de\/index.php?rest_route=\/wp\/v2\/pages\/27\/revisions\/29"}],"up":[{"embeddable":true,"href":"https:\/\/www.rummelhagen.de\/index.php?rest_route=\/wp\/v2\/pages\/21"}],"wp:attachment":[{"href":"https:\/\/www.rummelhagen.de\/index.php?rest_route=%2Fwp%2Fv2%2Fmedia&parent=27"}],"curies":[{"name":"wp","href":"https:\/\/api.w.org\/{rel}","templated":true}]}}