{"id":32,"date":"2010-09-05T15:46:52","date_gmt":"2010-09-05T13:46:52","guid":{"rendered":"http:\/\/www.rummelhagen.de\/?page_id=32"},"modified":"2010-09-05T19:27:41","modified_gmt":"2010-09-05T17:27:41","slug":"neueroffnung-am-frankendamm","status":"publish","type":"page","link":"https:\/\/www.rummelhagen.de\/?page_id=32","title":{"rendered":"Neuer\u00f6ffnung am Frankendamm"},"content":{"rendered":"<p>Stralsund. Morgen er\u00f6ffnet im Frankendamm 45 die Orthop\u00e4die-Schuhtechnik Rummelhagen. Der Inhaber Andr\u00e9 Rummelhagen ist gelernter Orthop\u00e4die-Schuhmachermeister, seine Mitarbeiterin Susann K\u00fcrschner ist Fachverk\u00e4uferin f\u00fcr Sanit\u00e4tsartikel. Beide sind geb\u00fcrtige Stralsunder, arbeiteten jedoch viele Jahre ausw\u00e4rts. Dort trafen sie sich zuf\u00e4llig und arbeiteten lange im Bereich Orthop\u00e4dische Schuhtechnik zusammen. Das junge und sympathische Team ber\u00e4t fachlich sehr kompetent, freundlich, geduldig, erkl\u00e4rt alles gr\u00fcndlich und beantwortet jede Frage.<\/p>\n<p>Das Gesch\u00e4ft am Frankendamm ist barrierefrei zu erreichen, auch innen gro\u00dfr\u00e4umig und mit Rollstuhl m\u00fchelos befahrbar. In den Gesch\u00e4ftsr\u00e4umen befindet sich gleich die Werkstatt f\u00fcr die Fertigung von Ma\u00dfschuhen, Reparaturen und Schuhzurichtungen. &#8222;Es geht bei uns rund um die Fu\u00dfgesundheit, angefangen bei der Prophylaxe. Es werden entsprechende Markenschuhe angeboten, darunter u.a. &#8222;Waldl\u00e4ufer&#8220; und &#8222;Finn Comfort&#8220;, super bequemes Schuhwerk mit herausnehmbarem Fu\u00dfbett f\u00fcr Einlagen. In verschiedenen Weiten und nat\u00fcrlich verschiedenen Modellen, wie Halbschuhe, Sandalen, Pantoffeln&#8220;, erl\u00e4utert Andr\u00e9 Rummelhagen in einem Gespr\u00e4ch.<\/p>\n<p>Zur Er\u00f6ffnung wird mit einem kleinen Sortiment, das dann im Laufe der Zeit ausgebaut wird, gestartet. Der zweite gro\u00dfe Bereich ist die Anfertigung von Orthop\u00e4dischen Ma\u00dfschuhen. Auch hier steht am Anfang die Beratung, es folgt das Ma\u00dfnehmen &#8211; die F\u00fc\u00dfe werden hier in 3D gescannt &#8211; so dass die Schuhe dann optimal angepasst und gefertigt werden k\u00f6nnen. Die Werkstatt ist im Haus! Andr\u00e9 Rummelhagen sieht sich als Gesundheitshandwerker und sagt, dass das Team Dienstleister rund um die Fu\u00dfgesundheit ist, denn sie sind &#8222;t\u00e4tig&#8220; vom Fu\u00df bis zur H\u00fcfte, so dass neben Schuhen auch der Bereich Kompression und Bandagen als Konfektionsware oder Anfertigung abgedeckt wird.<\/p>\n<p>Montags, dienstags, donnerstags und freitags ist von 9 bis 18 Uhr, mittwochs von 9 &#8211; 13 Uhr ge\u00f6ffnet. Individuelle Termine k\u00f6nnen abgesprochen werden und nat\u00fcrlich auch Hausbesuche, Telefon 03831-94 22 22.<\/p>\n<p>Das Team freut sich, Sie ab Montag in den Gesch\u00e4ftsr\u00e4umen begr\u00fc\u00dfen zu k\u00f6nnen.<\/p>\n","protected":false},"excerpt":{"rendered":"<p>Stralsund. Morgen er\u00f6ffnet im Frankendamm 45 die Orthop\u00e4die-Schuhtechnik Rummelhagen. Der Inhaber Andr\u00e9 Rummelhagen ist gelernter Orthop\u00e4die-Schuhmachermeister, seine Mitarbeiterin Susann K\u00fcrschner ist Fachverk\u00e4uferin f\u00fcr Sanit\u00e4tsartikel. Beide sind geb\u00fcrtige Stralsunder, arbeiteten jedoch viele Jahre ausw\u00e4rts. Dort trafen sie sich zuf\u00e4llig und arbeiteten &hellip; <a href=\"https:\/\/www.rummelhagen.de\/?page_id=32\">Weiterlesen <span class=\"meta-nav\">&rarr;<\/span><\/a><\/p>\n","protected":false},"author":1,"featured_media":0,"parent":21,"menu_order":1,"comment_status":"closed","ping_status":"open","template":"","meta":[],"_links":{"self":[{"href":"https:\/\/www.rummelhagen.de\/index.php?rest_route=\/wp\/v2\/pages\/32"}],"collection":[{"href":"https:\/\/www.rummelhagen.de\/index.php?rest_route=\/wp\/v2\/pages"}],"about":[{"href":"https:\/\/www.rummelhagen.de\/index.php?rest_route=\/wp\/v2\/types\/page"}],"author":[{"embeddable":true,"href":"https:\/\/www.rummelhagen.de\/index.php?rest_route=\/wp\/v2\/users\/1"}],"replies":[{"embeddable":true,"href":"https:\/\/www.rummelhagen.de\/index.php?rest_route=%2Fwp%2Fv2%2Fcomments&post=32"}],"version-history":[{"count":8,"href":"https:\/\/www.rummelhagen.de\/index.php?rest_route=\/wp\/v2\/pages\/32\/revisions"}],"predecessor-version":[{"id":35,"href":"https:\/\/www.rummelhagen.de\/index.php?rest_route=\/wp\/v2\/pages\/32\/revisions\/35"}],"up":[{"embeddable":true,"href":"https:\/\/www.rummelhagen.de\/index.php?rest_route=\/wp\/v2\/pages\/21"}],"wp:attachment":[{"href":"https:\/\/www.rummelhagen.de\/index.php?rest_route=%2Fwp%2Fv2%2Fmedia&parent=32"}],"curies":[{"name":"wp","href":"https:\/\/api.w.org\/{rel}","templated":true}]}}