{"id":70,"date":"2010-09-05T20:22:45","date_gmt":"2010-09-05T18:22:45","guid":{"rendered":"http:\/\/www.rummelhagen.de\/?page_id=70"},"modified":"2022-12-06T11:01:35","modified_gmt":"2022-12-06T10:01:35","slug":"anfahrt","status":"publish","type":"page","link":"https:\/\/www.rummelhagen.de\/?page_id=70","title":{"rendered":"Anfahrt"},"content":{"rendered":"<p>So k\u00f6nnen Sie uns erreichen:<\/p>\n<p><iframe loading=\"lazy\" src=\"http:\/\/maps.google.de\/maps?hl=de&amp;ie=UTF8&amp;q=rummelhagen+stralsund&amp;fb=1&amp;gl=de&amp;hq=rummelhagen&amp;hnear=Stralsund&amp;cid=0,0,8234090897671619203&amp;ei=ht-DTOGYN9GVswaP54DnCA&amp;ved=0CBsQnwIwAQ&amp;ll=54.30659,13.09757&amp;spn=0.006295,0.006295&amp;output=embed\" width=\"525\" height=\"575\" frameborder=\"0\" marginwidth=\"0\" marginheight=\"0\" scrolling=\"no\"><\/iframe><br \/>\n<small><a style=\"color: #0000ff; text-align: left;\" href=\"http:\/\/maps.google.de\/maps?hl=de&amp;ie=UTF8&amp;q=rummelhagen+stralsund&amp;fb=1&amp;gl=de&amp;hq=rummelhagen&amp;hnear=Stralsund&amp;cid=0,0,8234090897671619203&amp;ei=ht-DTOGYN9GVswaP54DnCA&amp;ved=0CBsQnwIwAQ&amp;ll=54.30659,13.09757&amp;spn=0.006295,0.006295&amp;source=embed\">Gr\u00f6\u00dfere Kartenansicht<\/a><\/small><\/p>\n","protected":false},"excerpt":{"rendered":"<p>So k\u00f6nnen Sie uns erreichen: Gr\u00f6\u00dfere Kartenansicht<\/p>\n","protected":false},"author":1,"featured_media":0,"parent":0,"menu_order":16,"comment_status":"closed","ping_status":"open","template":"","meta":[],"_links":{"self":[{"href":"https:\/\/www.rummelhagen.de\/index.php?rest_route=\/wp\/v2\/pages\/70"}],"collection":[{"href":"https:\/\/www.rummelhagen.de\/index.php?rest_route=\/wp\/v2\/pages"}],"about":[{"href":"https:\/\/www.rummelhagen.de\/index.php?rest_route=\/wp\/v2\/types\/page"}],"author":[{"embeddable":true,"href":"https:\/\/www.rummelhagen.de\/index.php?rest_route=\/wp\/v2\/users\/1"}],"replies":[{"embeddable":true,"href":"https:\/\/www.rummelhagen.de\/index.php?rest_route=%2Fwp%2Fv2%2Fcomments&post=70"}],"version-history":[{"count":10,"href":"https:\/\/www.rummelhagen.de\/index.php?rest_route=\/wp\/v2\/pages\/70\/revisions"}],"predecessor-version":[{"id":393,"href":"https:\/\/www.rummelhagen.de\/index.php?rest_route=\/wp\/v2\/pages\/70\/revisions\/393"}],"wp:attachment":[{"href":"https:\/\/www.rummelhagen.de\/index.php?rest_route=%2Fwp%2Fv2%2Fmedia&parent=70"}],"curies":[{"name":"wp","href":"https:\/\/api.w.org\/{rel}","templated":true}]}}