{"id":85,"date":"2010-09-07T09:45:14","date_gmt":"2010-09-07T07:45:14","guid":{"rendered":"http:\/\/www.rummelhagen.de\/?page_id=85"},"modified":"2022-12-05T15:42:30","modified_gmt":"2022-12-05T14:42:30","slug":"orthopadische-schuhe-3","status":"publish","type":"page","link":"https:\/\/www.rummelhagen.de\/?page_id=85","title":{"rendered":"Orthop\u00e4dische Schuhe"},"content":{"rendered":"\n<p class=\"has-text-align-center\">Hier einige Modelle die von uns f\u00fcr unsere Kunden gefertigt worden sind&#8230;&nbsp;<\/p>\n\n\n\n<p class=\"has-text-align-center\">Bei uns sieht ein Schuh so aus, wie der Kunde es w\u00fcnscht !<\/p>\n\n\n\n<figure class=\"wp-block-gallery has-nested-images columns-default is-cropped wp-block-gallery-1 is-layout-flex\">\n<figure class=\"wp-block-image size-large\"><a href=\"https:\/\/www.rummelhagen.de\/wp-content\/uploads\/IMG_5689-1.jpg\"><img decoding=\"async\" loading=\"lazy\" width=\"1024\" height=\"683\" data-id=\"341\"  src=\"https:\/\/www.rummelhagen.de\/wp-content\/uploads\/IMG_5689-1-1024x683.jpg\" alt=\"\" class=\"wp-image-341\" srcset=\"https:\/\/www.rummelhagen.de\/wp-content\/uploads\/IMG_5689-1-1024x683.jpg 1024w, https:\/\/www.rummelhagen.de\/wp-content\/uploads\/IMG_5689-1-300x200.jpg 300w, https:\/\/www.rummelhagen.de\/wp-content\/uploads\/IMG_5689-1-768x512.jpg 768w, https:\/\/www.rummelhagen.de\/wp-content\/uploads\/IMG_5689-1-1536x1024.jpg 1536w, https:\/\/www.rummelhagen.de\/wp-content\/uploads\/IMG_5689-1-2048x1365.jpg 2048w\" sizes=\"(max-width: 1024px) 100vw, 1024px\" \/><\/a><figcaption class=\"wp-element-caption\">Selten, aber es kommt vor!!! Ma\u00dfschuhe in der Gr\u00f6\u00dfe 54<\/figcaption><\/figure>\n\n\n\n<figure class=\"wp-block-image size-large\"><a href=\"https:\/\/www.rummelhagen.de\/wp-content\/uploads\/IMG_5703-1.jpg\"><img decoding=\"async\" loading=\"lazy\" width=\"1024\" height=\"683\" data-id=\"343\"  src=\"https:\/\/www.rummelhagen.de\/wp-content\/uploads\/IMG_5703-1-1024x683.jpg\" alt=\"\" class=\"wp-image-343\" srcset=\"https:\/\/www.rummelhagen.de\/wp-content\/uploads\/IMG_5703-1-1024x683.jpg 1024w, https:\/\/www.rummelhagen.de\/wp-content\/uploads\/IMG_5703-1-300x200.jpg 300w, https:\/\/www.rummelhagen.de\/wp-content\/uploads\/IMG_5703-1-768x512.jpg 768w, https:\/\/www.rummelhagen.de\/wp-content\/uploads\/IMG_5703-1-1536x1024.jpg 1536w, https:\/\/www.rummelhagen.de\/wp-content\/uploads\/IMG_5703-1-2048x1365.jpg 2048w\" sizes=\"(max-width: 1024px) 100vw, 1024px\" \/><\/a><\/figure>\n\n\n\n<figure class=\"wp-block-image size-large\"><a href=\"https:\/\/www.rummelhagen.de\/wp-content\/uploads\/IMG_1240.jpg\"><img decoding=\"async\" loading=\"lazy\" width=\"1024\" height=\"682\" data-id=\"153\"  src=\"https:\/\/www.rummelhagen.de\/wp-content\/uploads\/IMG_1240-1024x682.jpg\" alt=\"\" class=\"wp-image-153\" srcset=\"https:\/\/www.rummelhagen.de\/wp-content\/uploads\/IMG_1240-1024x682.jpg 1024w, https:\/\/www.rummelhagen.de\/wp-content\/uploads\/IMG_1240-300x200.jpg 300w\" sizes=\"(max-width: 1024px) 100vw, 1024px\" \/><\/a><figcaption class=\"wp-element-caption\">Schicke Wanderschuhe<\/figcaption><\/figure>\n\n\n\n<figure class=\"wp-block-image size-large\"><a href=\"https:\/\/www.rummelhagen.de\/wp-content\/uploads\/Halbschuh.jpg\"><img decoding=\"async\" loading=\"lazy\" width=\"500\" height=\"333\" data-id=\"147\"  src=\"https:\/\/www.rummelhagen.de\/wp-content\/uploads\/Halbschuh.jpg\" alt=\"\" class=\"wp-image-147\" srcset=\"https:\/\/www.rummelhagen.de\/wp-content\/uploads\/Halbschuh.jpg 500w, https:\/\/www.rummelhagen.de\/wp-content\/uploads\/Halbschuh-300x199.jpg 300w\" sizes=\"(max-width: 500px) 100vw, 500px\" \/><\/a><\/figure>\n\n\n\n<figure class=\"wp-block-image size-large\"><a href=\"https:\/\/www.rummelhagen.de\/wp-content\/uploads\/IMG_1089.jpg\"><img decoding=\"async\" loading=\"lazy\" width=\"640\" height=\"439\" data-id=\"143\"  src=\"https:\/\/www.rummelhagen.de\/wp-content\/uploads\/IMG_1089.jpg\" alt=\"\" class=\"wp-image-143\" srcset=\"https:\/\/www.rummelhagen.de\/wp-content\/uploads\/IMG_1089.jpg 640w, https:\/\/www.rummelhagen.de\/wp-content\/uploads\/IMG_1089-300x205.jpg 300w\" sizes=\"(max-width: 640px) 100vw, 640px\" \/><\/a><\/figure>\n\n\n\n<figure class=\"wp-block-image size-large\"><a href=\"https:\/\/www.rummelhagen.de\/wp-content\/uploads\/Freizeitschuh.jpg\"><img decoding=\"async\" loading=\"lazy\" width=\"500\" height=\"371\" data-id=\"146\"  src=\"https:\/\/www.rummelhagen.de\/wp-content\/uploads\/Freizeitschuh.jpg\" alt=\"\" class=\"wp-image-146\" srcset=\"https:\/\/www.rummelhagen.de\/wp-content\/uploads\/Freizeitschuh.jpg 500w, https:\/\/www.rummelhagen.de\/wp-content\/uploads\/Freizeitschuh-300x222.jpg 300w\" sizes=\"(max-width: 500px) 100vw, 500px\" \/><\/a><\/figure>\n\n\n\n<figure class=\"wp-block-image size-large\"><a href=\"https:\/\/www.rummelhagen.de\/wp-content\/uploads\/IMG_5690-1.jpg\"><img decoding=\"async\" loading=\"lazy\" width=\"1024\" height=\"683\" data-id=\"342\"  src=\"https:\/\/www.rummelhagen.de\/wp-content\/uploads\/IMG_5690-1-1024x683.jpg\" alt=\"\" class=\"wp-image-342\" srcset=\"https:\/\/www.rummelhagen.de\/wp-content\/uploads\/IMG_5690-1-1024x683.jpg 1024w, https:\/\/www.rummelhagen.de\/wp-content\/uploads\/IMG_5690-1-300x200.jpg 300w, https:\/\/www.rummelhagen.de\/wp-content\/uploads\/IMG_5690-1-768x512.jpg 768w, https:\/\/www.rummelhagen.de\/wp-content\/uploads\/IMG_5690-1-1536x1024.jpg 1536w, https:\/\/www.rummelhagen.de\/wp-content\/uploads\/IMG_5690-1-2048x1365.jpg 2048w\" sizes=\"(max-width: 1024px) 100vw, 1024px\" \/><\/a><figcaption class=\"wp-element-caption\">Orthop\u00e4disch oder doch nicht?!<\/figcaption><\/figure>\n<\/figure>\n\n\n\n<figure class=\"wp-block-gallery has-nested-images columns-default is-cropped wp-block-gallery-3 is-layout-flex\">\n<figure class=\"wp-block-image size-large\"><a href=\"https:\/\/www.rummelhagen.de\/wp-content\/uploads\/387312_306998622662238_992209324_n.jpg\"><img decoding=\"async\" loading=\"lazy\" width=\"960\" height=\"640\" data-id=\"376\"  src=\"https:\/\/www.rummelhagen.de\/wp-content\/uploads\/387312_306998622662238_992209324_n.jpg\" alt=\"\" class=\"wp-image-376\" srcset=\"https:\/\/www.rummelhagen.de\/wp-content\/uploads\/387312_306998622662238_992209324_n.jpg 960w, https:\/\/www.rummelhagen.de\/wp-content\/uploads\/387312_306998622662238_992209324_n-300x200.jpg 300w, https:\/\/www.rummelhagen.de\/wp-content\/uploads\/387312_306998622662238_992209324_n-768x512.jpg 768w\" sizes=\"(max-width: 960px) 100vw, 960px\" \/><\/a><\/figure>\n\n\n\n<figure class=\"wp-block-image size-large\"><a href=\"https:\/\/www.rummelhagen.de\/wp-content\/uploads\/375773_303241156371318_1014869715_n.jpg\"><img decoding=\"async\" loading=\"lazy\" width=\"960\" height=\"640\" data-id=\"375\"  src=\"https:\/\/www.rummelhagen.de\/wp-content\/uploads\/375773_303241156371318_1014869715_n.jpg\" alt=\"\" class=\"wp-image-375\" srcset=\"https:\/\/www.rummelhagen.de\/wp-content\/uploads\/375773_303241156371318_1014869715_n.jpg 960w, https:\/\/www.rummelhagen.de\/wp-content\/uploads\/375773_303241156371318_1014869715_n-300x200.jpg 300w, https:\/\/www.rummelhagen.de\/wp-content\/uploads\/375773_303241156371318_1014869715_n-768x512.jpg 768w\" sizes=\"(max-width: 960px) 100vw, 960px\" \/><\/a><\/figure>\n<\/figure>\n","protected":false},"excerpt":{"rendered":"<p>Hier einige Modelle die von uns f\u00fcr unsere Kunden gefertigt worden sind&#8230;&nbsp; Bei uns sieht ein Schuh so aus, wie der Kunde es w\u00fcnscht !<\/p>\n","protected":false},"author":1,"featured_media":0,"parent":0,"menu_order":2,"comment_status":"closed","ping_status":"open","template":"","meta":[],"_links":{"self":[{"href":"https:\/\/www.rummelhagen.de\/index.php?rest_route=\/wp\/v2\/pages\/85"}],"collection":[{"href":"https:\/\/www.rummelhagen.de\/index.php?rest_route=\/wp\/v2\/pages"}],"about":[{"href":"https:\/\/www.rummelhagen.de\/index.php?rest_route=\/wp\/v2\/types\/page"}],"author":[{"embeddable":true,"href":"https:\/\/www.rummelhagen.de\/index.php?rest_route=\/wp\/v2\/users\/1"}],"replies":[{"embeddable":true,"href":"https:\/\/www.rummelhagen.de\/index.php?rest_route=%2Fwp%2Fv2%2Fcomments&post=85"}],"version-history":[{"count":20,"href":"https:\/\/www.rummelhagen.de\/index.php?rest_route=\/wp\/v2\/pages\/85\/revisions"}],"predecessor-version":[{"id":378,"href":"https:\/\/www.rummelhagen.de\/index.php?rest_route=\/wp\/v2\/pages\/85\/revisions\/378"}],"wp:attachment":[{"href":"https:\/\/www.rummelhagen.de\/index.php?rest_route=%2Fwp%2Fv2%2Fmedia&parent=85"}],"curies":[{"name":"wp","href":"https:\/\/api.w.org\/{rel}","templated":true}]}}