{"id":93,"date":"2010-09-07T09:52:49","date_gmt":"2010-09-07T07:52:49","guid":{"rendered":"http:\/\/www.rummelhagen.de\/?page_id=93"},"modified":"2025-01-17T11:04:03","modified_gmt":"2025-01-17T10:04:03","slug":"schuhreparatur-aller-art","status":"publish","type":"page","link":"https:\/\/www.rummelhagen.de\/?page_id=93","title":{"rendered":"Schuhreparatur aller Art"},"content":{"rendered":"\n<p>Viel zu oft werden Schuhe einfach weggeworfen, ohne sich Gedanken dar\u00fcber zu machen sie reparieren zu lassen.<\/p>\n\n\n\n<p>Wir reparieren alles rund um den Schuh, sofern es der Schuhe noch hergibt.<\/p>\n\n\n\n<p>Von kleben, \u00fcber neue Abs\u00e4tze und Sohlen, Fersenfutter, sowie neue Rei\u00df.- und Klettverschl\u00fcsse usw.!<\/p>\n\n\n\n<p>Hier ein kleiner Einblick aus unserer Werksatt!<\/p>\n\n\n\n<div class=\"wp-block-group is-layout-constrained\"><div class=\"wp-block-group__inner-container\">\n<figure class=\"wp-block-gallery has-nested-images columns-default is-cropped wp-block-gallery-1 is-layout-flex\">\n<figure class=\"wp-block-image size-large\"><a href=\"https:\/\/www.rummelhagen.de\/wp-content\/uploads\/IMG_1452-1-scaled.jpg\"><img decoding=\"async\" loading=\"lazy\" width=\"1024\" height=\"768\" src=\"https:\/\/www.rummelhagen.de\/wp-content\/uploads\/IMG_1452-1-1024x768.jpg\" alt=\"\" class=\"wp-image-365\" srcset=\"https:\/\/www.rummelhagen.de\/wp-content\/uploads\/IMG_1452-1-1024x768.jpg 1024w, https:\/\/www.rummelhagen.de\/wp-content\/uploads\/IMG_1452-1-300x225.jpg 300w, https:\/\/www.rummelhagen.de\/wp-content\/uploads\/IMG_1452-1-768x576.jpg 768w, https:\/\/www.rummelhagen.de\/wp-content\/uploads\/IMG_1452-1-1536x1152.jpg 1536w, https:\/\/www.rummelhagen.de\/wp-content\/uploads\/IMG_1452-1-2048x1536.jpg 2048w\" sizes=\"(max-width: 1024px) 100vw, 1024px\" \/><\/a><\/figure>\n\n\n\n<figure class=\"wp-block-image size-large\"><a href=\"https:\/\/www.rummelhagen.de\/wp-content\/uploads\/IMG_1462-scaled.jpg\"><img decoding=\"async\" loading=\"lazy\" width=\"1024\" height=\"768\" src=\"https:\/\/www.rummelhagen.de\/wp-content\/uploads\/IMG_1462-1024x768.jpg\" alt=\"\" class=\"wp-image-364\" srcset=\"https:\/\/www.rummelhagen.de\/wp-content\/uploads\/IMG_1462-1024x768.jpg 1024w, https:\/\/www.rummelhagen.de\/wp-content\/uploads\/IMG_1462-300x225.jpg 300w, https:\/\/www.rummelhagen.de\/wp-content\/uploads\/IMG_1462-768x576.jpg 768w, https:\/\/www.rummelhagen.de\/wp-content\/uploads\/IMG_1462-1536x1152.jpg 1536w, https:\/\/www.rummelhagen.de\/wp-content\/uploads\/IMG_1462-2048x1536.jpg 2048w\" sizes=\"(max-width: 1024px) 100vw, 1024px\" \/><\/a><\/figure>\n<\/figure>\n<\/div><\/div>\n\n\n\n<figure class=\"wp-block-gallery has-nested-images columns-default is-cropped wp-block-gallery-4 is-layout-flex\">\n<figure class=\"wp-block-image size-large\"><a href=\"https:\/\/www.rummelhagen.de\/wp-content\/uploads\/IMG_1455-scaled.jpg\"><img decoding=\"async\" loading=\"lazy\" width=\"1024\" height=\"768\" data-id=\"367\"  src=\"https:\/\/www.rummelhagen.de\/wp-content\/uploads\/IMG_1455-1024x768.jpg\" alt=\"\" class=\"wp-image-367\" srcset=\"https:\/\/www.rummelhagen.de\/wp-content\/uploads\/IMG_1455-1024x768.jpg 1024w, https:\/\/www.rummelhagen.de\/wp-content\/uploads\/IMG_1455-300x225.jpg 300w, https:\/\/www.rummelhagen.de\/wp-content\/uploads\/IMG_1455-768x576.jpg 768w, https:\/\/www.rummelhagen.de\/wp-content\/uploads\/IMG_1455-1536x1152.jpg 1536w, https:\/\/www.rummelhagen.de\/wp-content\/uploads\/IMG_1455-2048x1536.jpg 2048w\" sizes=\"(max-width: 1024px) 100vw, 1024px\" \/><\/a><\/figure>\n\n\n\n<figure class=\"wp-block-image size-large\"><a href=\"https:\/\/www.rummelhagen.de\/wp-content\/uploads\/IMG_1465-scaled.jpg\"><img decoding=\"async\" loading=\"lazy\" width=\"1024\" height=\"768\" data-id=\"368\"  src=\"https:\/\/www.rummelhagen.de\/wp-content\/uploads\/IMG_1465-1024x768.jpg\" alt=\"\" class=\"wp-image-368\" srcset=\"https:\/\/www.rummelhagen.de\/wp-content\/uploads\/IMG_1465-1024x768.jpg 1024w, https:\/\/www.rummelhagen.de\/wp-content\/uploads\/IMG_1465-300x225.jpg 300w, https:\/\/www.rummelhagen.de\/wp-content\/uploads\/IMG_1465-768x576.jpg 768w, https:\/\/www.rummelhagen.de\/wp-content\/uploads\/IMG_1465-1536x1152.jpg 1536w, https:\/\/www.rummelhagen.de\/wp-content\/uploads\/IMG_1465-2048x1536.jpg 2048w\" sizes=\"(max-width: 1024px) 100vw, 1024px\" \/><\/a><\/figure>\n<\/figure>\n\n\n\n<figure class=\"wp-block-gallery has-nested-images columns-default is-cropped wp-block-gallery-6 is-layout-flex\">\n<figure class=\"wp-block-image size-large\"><a href=\"https:\/\/www.rummelhagen.de\/wp-content\/uploads\/IMG_3473-scaled.jpg\"><img decoding=\"async\" loading=\"lazy\" width=\"1024\" height=\"768\" data-id=\"369\"  src=\"https:\/\/www.rummelhagen.de\/wp-content\/uploads\/IMG_3473-1024x768.jpg\" alt=\"\" class=\"wp-image-369\" srcset=\"https:\/\/www.rummelhagen.de\/wp-content\/uploads\/IMG_3473-1024x768.jpg 1024w, https:\/\/www.rummelhagen.de\/wp-content\/uploads\/IMG_3473-300x225.jpg 300w, https:\/\/www.rummelhagen.de\/wp-content\/uploads\/IMG_3473-768x576.jpg 768w, https:\/\/www.rummelhagen.de\/wp-content\/uploads\/IMG_3473-1536x1152.jpg 1536w, https:\/\/www.rummelhagen.de\/wp-content\/uploads\/IMG_3473-2048x1536.jpg 2048w\" sizes=\"(max-width: 1024px) 100vw, 1024px\" \/><\/a><\/figure>\n\n\n\n<figure class=\"wp-block-image size-large\"><a href=\"https:\/\/www.rummelhagen.de\/wp-content\/uploads\/IMG_3477-scaled.jpg\"><img decoding=\"async\" loading=\"lazy\" width=\"1024\" height=\"708\" data-id=\"370\"  src=\"https:\/\/www.rummelhagen.de\/wp-content\/uploads\/IMG_3477-1024x708.jpg\" alt=\"\" class=\"wp-image-370\" srcset=\"https:\/\/www.rummelhagen.de\/wp-content\/uploads\/IMG_3477-1024x708.jpg 1024w, https:\/\/www.rummelhagen.de\/wp-content\/uploads\/IMG_3477-300x207.jpg 300w, https:\/\/www.rummelhagen.de\/wp-content\/uploads\/IMG_3477-768x531.jpg 768w, https:\/\/www.rummelhagen.de\/wp-content\/uploads\/IMG_3477-1536x1062.jpg 1536w, https:\/\/www.rummelhagen.de\/wp-content\/uploads\/IMG_3477-2048x1416.jpg 2048w\" sizes=\"(max-width: 1024px) 100vw, 1024px\" \/><\/a><\/figure>\n<\/figure>\n\n\n\n<figure class=\"wp-block-gallery has-nested-images columns-default is-cropped wp-block-gallery-8 is-layout-flex\">\n<figure class=\"wp-block-image size-large\"><a href=\"https:\/\/www.rummelhagen.de\/wp-content\/uploads\/Schuhreparatur-1.jpg\"><img decoding=\"async\" loading=\"lazy\" width=\"1024\" height=\"843\" data-id=\"445\"  src=\"https:\/\/www.rummelhagen.de\/wp-content\/uploads\/Schuhreparatur-1-1024x843.jpg\" alt=\"\" class=\"wp-image-445\" srcset=\"https:\/\/www.rummelhagen.de\/wp-content\/uploads\/Schuhreparatur-1-1024x843.jpg 1024w, https:\/\/www.rummelhagen.de\/wp-content\/uploads\/Schuhreparatur-1-300x247.jpg 300w, https:\/\/www.rummelhagen.de\/wp-content\/uploads\/Schuhreparatur-1-768x632.jpg 768w, https:\/\/www.rummelhagen.de\/wp-content\/uploads\/Schuhreparatur-1-1536x1264.jpg 1536w, https:\/\/www.rummelhagen.de\/wp-content\/uploads\/Schuhreparatur-1.jpg 1920w\" sizes=\"(max-width: 1024px) 100vw, 1024px\" \/><\/a><\/figure>\n\n\n\n<figure class=\"wp-block-image size-large\"><a href=\"https:\/\/www.rummelhagen.de\/wp-content\/uploads\/thumbnail_IMG_0492.jpg\"><img decoding=\"async\" loading=\"lazy\" width=\"1024\" height=\"768\" data-id=\"446\"  src=\"https:\/\/www.rummelhagen.de\/wp-content\/uploads\/thumbnail_IMG_0492-1024x768.jpg\" alt=\"\" class=\"wp-image-446\" srcset=\"https:\/\/www.rummelhagen.de\/wp-content\/uploads\/thumbnail_IMG_0492-1024x768.jpg 1024w, https:\/\/www.rummelhagen.de\/wp-content\/uploads\/thumbnail_IMG_0492-300x225.jpg 300w, https:\/\/www.rummelhagen.de\/wp-content\/uploads\/thumbnail_IMG_0492-768x576.jpg 768w, https:\/\/www.rummelhagen.de\/wp-content\/uploads\/thumbnail_IMG_0492-1536x1152.jpg 1536w, https:\/\/www.rummelhagen.de\/wp-content\/uploads\/thumbnail_IMG_0492.jpg 1920w\" sizes=\"(max-width: 1024px) 100vw, 1024px\" \/><\/a><\/figure>\n<\/figure>\n\n\n\n<p><\/p>\n\n\n\n<p><\/p>\n\n\n\n<figure class=\"wp-block-image\"><img alt=\"\"\/><\/figure>\n","protected":false},"excerpt":{"rendered":"<p>Viel zu oft werden Schuhe einfach weggeworfen, ohne sich Gedanken dar\u00fcber zu machen sie reparieren zu lassen. Wir reparieren alles rund um den Schuh, sofern es der Schuhe noch hergibt. Von kleben, \u00fcber neue Abs\u00e4tze und Sohlen, Fersenfutter, sowie neue &hellip; <a href=\"https:\/\/www.rummelhagen.de\/?page_id=93\">Weiterlesen <span class=\"meta-nav\">&rarr;<\/span><\/a><\/p>\n","protected":false},"author":1,"featured_media":0,"parent":0,"menu_order":6,"comment_status":"closed","ping_status":"open","template":"","meta":[],"_links":{"self":[{"href":"https:\/\/www.rummelhagen.de\/index.php?rest_route=\/wp\/v2\/pages\/93"}],"collection":[{"href":"https:\/\/www.rummelhagen.de\/index.php?rest_route=\/wp\/v2\/pages"}],"about":[{"href":"https:\/\/www.rummelhagen.de\/index.php?rest_route=\/wp\/v2\/types\/page"}],"author":[{"embeddable":true,"href":"https:\/\/www.rummelhagen.de\/index.php?rest_route=\/wp\/v2\/users\/1"}],"replies":[{"embeddable":true,"href":"https:\/\/www.rummelhagen.de\/index.php?rest_route=%2Fwp%2Fv2%2Fcomments&post=93"}],"version-history":[{"count":5,"href":"https:\/\/www.rummelhagen.de\/index.php?rest_route=\/wp\/v2\/pages\/93\/revisions"}],"predecessor-version":[{"id":447,"href":"https:\/\/www.rummelhagen.de\/index.php?rest_route=\/wp\/v2\/pages\/93\/revisions\/447"}],"wp:attachment":[{"href":"https:\/\/www.rummelhagen.de\/index.php?rest_route=%2Fwp%2Fv2%2Fmedia&parent=93"}],"curies":[{"name":"wp","href":"https:\/\/api.w.org\/{rel}","templated":true}]}}